{"id":134,"date":"2020-08-25T01:31:50","date_gmt":"2020-08-25T01:31:50","guid":{"rendered":"https:\/\/maymed.pl\/index.php\/about-us\/"},"modified":"2025-08-22T11:52:52","modified_gmt":"2025-08-22T09:52:52","slug":"o-maymed-przychodnia-specjalistyczna","status":"publish","type":"page","link":"https:\/\/maymed.pl\/index.php\/o-maymed-przychodnia-specjalistyczna\/","title":{"rendered":"O MayMed"},"content":{"rendered":"\t\t<div data-elementor-type=\"wp-page\" data-elementor-id=\"134\" class=\"elementor elementor-134\">\n\t\t\t\t\t\t\t\t\t<section class=\"elementor-section elementor-top-section elementor-element elementor-element-c74c8d4 elementor-section-boxed elementor-section-height-default elementor-section-height-default\" data-id=\"c74c8d4\" data-element_type=\"section\" data-settings=\"{&quot;background_background&quot;:&quot;classic&quot;}\">\n\t\t\t\t\t\t<div class=\"elementor-container elementor-column-gap-no\">\n\t\t\t\t\t<div class=\"elementor-column elementor-col-100 elementor-top-column elementor-element elementor-element-428d588\" data-id=\"428d588\" data-element_type=\"column\">\n\t\t\t<div class=\"elementor-widget-wrap elementor-element-populated\">\n\t\t\t\t\t\t\t\t<div class=\"elementor-element elementor-element-dc15db4 elementor-widget elementor-widget-heading\" data-id=\"dc15db4\" data-element_type=\"widget\" data-widget_type=\"heading.default\">\n\t\t\t\t<div class=\"elementor-widget-container\">\n\t\t\t<h1 class=\"elementor-heading-title elementor-size-medium\">O MayMed<\/h1>\t\t<\/div>\n\t\t\t\t<\/div>\n\t\t\t\t<div class=\"elementor-element elementor-element-48c9c14 elementor-widget-divider--view-line elementor-widget elementor-widget-divider\" data-id=\"48c9c14\" data-element_type=\"widget\" data-widget_type=\"divider.default\">\n\t\t\t\t<div class=\"elementor-widget-container\">\n\t\t\t\t\t<div class=\"elementor-divider\">\n\t\t\t<span class=\"elementor-divider-separator\">\n\t\t\t\t\t\t<\/span>\n\t\t<\/div>\n\t\t\t\t<\/div>\n\t\t\t\t<\/div>\n\t\t\t\t<div class=\"elementor-element elementor-element-f034e51 elementor-widget elementor-widget-heading\" data-id=\"f034e51\" data-element_type=\"widget\" data-widget_type=\"heading.default\">\n\t\t\t\t<div class=\"elementor-widget-container\">\n\t\t\t<h2 class=\"elementor-heading-title elementor-size-default\">Przychodnia Specjalistyczna i Lekarza Rodzinnego<\/h2>\t\t<\/div>\n\t\t\t\t<\/div>\n\t\t\t\t\t<\/div>\n\t\t<\/div>\n\t\t\t\t\t\t\t<\/div>\n\t\t<\/section>\n\t\t\t\t<section class=\"elementor-section elementor-top-section elementor-element elementor-element-f0cc721 elementor-section-content-bottom elementor-section-boxed elementor-section-height-default elementor-section-height-default\" data-id=\"f0cc721\" data-element_type=\"section\" data-settings=\"{&quot;background_background&quot;:&quot;classic&quot;}\">\n\t\t\t\t\t\t<div class=\"elementor-container elementor-column-gap-no\">\n\t\t\t\t\t<div class=\"elementor-column elementor-col-50 elementor-top-column elementor-element elementor-element-9372157\" data-id=\"9372157\" data-element_type=\"column\">\n\t\t\t<div class=\"elementor-widget-wrap elementor-element-populated\">\n\t\t\t\t\t\t\t\t<div class=\"elementor-element elementor-element-3c1f8d4 elementor-widget elementor-widget-heading\" data-id=\"3c1f8d4\" data-element_type=\"widget\" data-widget_type=\"heading.default\">\n\t\t\t\t<div class=\"elementor-widget-container\">\n\t\t\t<h2 class=\"elementor-heading-title elementor-size-xl\">MayMed<\/h2>\t\t<\/div>\n\t\t\t\t<\/div>\n\t\t\t\t<div class=\"elementor-element elementor-element-1f7a844 elementor-widget elementor-widget-text-editor\" data-id=\"1f7a844\" data-element_type=\"widget\" data-widget_type=\"text-editor.default\">\n\t\t\t\t<div class=\"elementor-widget-container\">\n\t\t\t\t\t\t\t\n\nJeste\u015bmy wielospecjalistyczn\u0105 przychodni\u0105 lekarsk\u0105 dzia\u0142aj\u0105c\u0105 na rynku us\u0142ug medycznych, nieustannie ciesz\u0105c\u0105 si\u0119 uznaniem i zaufaniem szerokiego grona pacjent\u00f3w. <span style=\"color:#28BD86\">Wsp\u00f3\u0142pracujemy z NFZ<\/span> i nieodp\u0142atnie \u015bwiadczymy us\u0142ugi w ramach Podstawowej Opieki Zdrowotnej. Nasz zesp\u00f3\u0142 jest do Pa\u0144stwa dyspozycji codziennie od poniedzia\u0142ku do pi\u0105tku.\n\n\t\t\t\t\t\t<\/div>\n\t\t\t\t<\/div>\n\t\t\t\t\t<\/div>\n\t\t<\/div>\n\t\t\t\t<div class=\"elementor-column elementor-col-50 elementor-top-column elementor-element elementor-element-370ee0c\" data-id=\"370ee0c\" data-element_type=\"column\">\n\t\t\t<div class=\"elementor-widget-wrap elementor-element-populated\">\n\t\t\t\t\t\t\t\t<div class=\"elementor-element elementor-element-9c7e890 elementor-widget elementor-widget-image\" data-id=\"9c7e890\" data-element_type=\"widget\" data-widget_type=\"image.default\">\n\t\t\t\t<div class=\"elementor-widget-container\">\n\t\t\t\t\t\t\t\t\t\t\t\t\t\t\t<img loading=\"lazy\" decoding=\"async\" width=\"600\" height=\"600\" src=\"https:\/\/maymed.pl\/wp-content\/uploads\/2020\/08\/diagnostic-lab-people-meeting.jpg\" class=\"attachment-large size-large wp-image-40\" alt=\"o maymed\" srcset=\"https:\/\/maymed.pl\/wp-content\/uploads\/2020\/08\/diagnostic-lab-people-meeting.jpg 600w, https:\/\/maymed.pl\/wp-content\/uploads\/2020\/08\/diagnostic-lab-people-meeting-300x300.jpg 300w, https:\/\/maymed.pl\/wp-content\/uploads\/2020\/08\/diagnostic-lab-people-meeting-150x150.jpg 150w\" sizes=\"auto, (max-width: 600px) 100vw, 600px\" title=\"\">\t\t\t\t\t\t\t\t\t\t\t\t\t\t\t<\/div>\n\t\t\t\t<\/div>\n\t\t\t\t<div class=\"elementor-element elementor-element-07cfaa0 elementor-absolute elementor-widget__width-initial elementor-widget elementor-widget-image\" data-id=\"07cfaa0\" data-element_type=\"widget\" data-settings=\"{&quot;_position&quot;:&quot;absolute&quot;}\" data-widget_type=\"image.default\">\n\t\t\t\t<div class=\"elementor-widget-container\">\n\t\t\t\t\t\t\t\t\t\t\t\t\t\t\t<img loading=\"lazy\" decoding=\"async\" width=\"300\" height=\"200\" src=\"https:\/\/maymed.pl\/wp-content\/uploads\/2021\/02\/iso-9001-dla-merazet-sa-500px-1-300x200.png\" class=\"attachment-medium size-medium wp-image-357\" alt=\"certyfikat iso\" srcset=\"https:\/\/maymed.pl\/wp-content\/uploads\/2021\/02\/iso-9001-dla-merazet-sa-500px-1-300x200.png 300w, https:\/\/maymed.pl\/wp-content\/uploads\/2021\/02\/iso-9001-dla-merazet-sa-500px-1.png 500w\" sizes=\"auto, (max-width: 300px) 100vw, 300px\" title=\"\">\t\t\t\t\t\t\t\t\t\t\t\t\t\t\t<\/div>\n\t\t\t\t<\/div>\n\t\t\t\t\t<\/div>\n\t\t<\/div>\n\t\t\t\t\t\t\t<\/div>\n\t\t<\/section>\n\t\t\t\t<section class=\"elementor-section elementor-top-section elementor-element elementor-element-e580b92 elementor-section-boxed elementor-section-height-default elementor-section-height-default\" data-id=\"e580b92\" data-element_type=\"section\">\n\t\t\t\t\t\t<div class=\"elementor-container elementor-column-gap-no\">\n\t\t\t\t\t<div class=\"elementor-column elementor-col-100 elementor-top-column elementor-element elementor-element-730f282\" data-id=\"730f282\" data-element_type=\"column\">\n\t\t\t<div class=\"elementor-widget-wrap elementor-element-populated\">\n\t\t\t\t\t\t\t\t<div class=\"elementor-element elementor-element-f6960f1 elementor-widget elementor-widget-heading\" data-id=\"f6960f1\" data-element_type=\"widget\" data-widget_type=\"heading.default\">\n\t\t\t\t<div class=\"elementor-widget-container\">\n\t\t\t<h2 class=\"elementor-heading-title elementor-size-default\">Nasze obiekty<\/h2>\t\t<\/div>\n\t\t\t\t<\/div>\n\t\t\t\t<section class=\"elementor-section elementor-inner-section elementor-element elementor-element-be5dae5 elementor-section-content-middle elementor-section-boxed elementor-section-height-default elementor-section-height-default\" data-id=\"be5dae5\" data-element_type=\"section\">\n\t\t\t\t\t\t<div class=\"elementor-container elementor-column-gap-no\">\n\t\t\t\t\t<div class=\"elementor-column elementor-col-66 elementor-inner-column elementor-element elementor-element-956409c\" data-id=\"956409c\" data-element_type=\"column\">\n\t\t\t<div class=\"elementor-widget-wrap elementor-element-populated\">\n\t\t\t\t\t\t\t\t<div class=\"elementor-element elementor-element-d1ee831 elementor-widget elementor-widget-image\" data-id=\"d1ee831\" data-element_type=\"widget\" data-widget_type=\"image.default\">\n\t\t\t\t<div class=\"elementor-widget-container\">\n\t\t\t\t\t\t\t\t\t\t\t\t\t\t\t<img loading=\"lazy\" decoding=\"async\" width=\"1024\" height=\"631\" src=\"https:\/\/maymed.pl\/wp-content\/uploads\/2021\/02\/Przychodnia-Specjalistyczna-Maymed.jpg-1024x631.png\" class=\"attachment-large size-large wp-image-487\" alt=\"Przychodnia Specjalistyczna Maymed\" srcset=\"https:\/\/maymed.pl\/wp-content\/uploads\/2021\/02\/Przychodnia-Specjalistyczna-Maymed.jpg-1024x631.png 1024w, https:\/\/maymed.pl\/wp-content\/uploads\/2021\/02\/Przychodnia-Specjalistyczna-Maymed.jpg-300x185.png 300w, https:\/\/maymed.pl\/wp-content\/uploads\/2021\/02\/Przychodnia-Specjalistyczna-Maymed.jpg-768x473.png 768w, https:\/\/maymed.pl\/wp-content\/uploads\/2021\/02\/Przychodnia-Specjalistyczna-Maymed.jpg.png 1270w\" sizes=\"auto, (max-width: 1024px) 100vw, 1024px\" title=\"\">\t\t\t\t\t\t\t\t\t\t\t\t\t\t\t<\/div>\n\t\t\t\t<\/div>\n\t\t\t\t\t<\/div>\n\t\t<\/div>\n\t\t\t\t<div class=\"elementor-column elementor-col-33 elementor-inner-column elementor-element elementor-element-c8e4280\" data-id=\"c8e4280\" data-element_type=\"column\" data-settings=\"{&quot;background_background&quot;:&quot;classic&quot;}\">\n\t\t\t<div class=\"elementor-widget-wrap elementor-element-populated\">\n\t\t\t\t\t\t\t\t<div class=\"elementor-element elementor-element-e78335d elementor-widget elementor-widget-heading\" data-id=\"e78335d\" data-element_type=\"widget\" data-widget_type=\"heading.default\">\n\t\t\t\t<div class=\"elementor-widget-container\">\n\t\t\t<h3 class=\"elementor-heading-title elementor-size-default\">Przychodnia w Jutrosinie<\/h3>\t\t<\/div>\n\t\t\t\t<\/div>\n\t\t\t\t<div class=\"elementor-element elementor-element-1b65755 elementor-widget-divider--view-line elementor-widget elementor-widget-divider\" data-id=\"1b65755\" data-element_type=\"widget\" data-widget_type=\"divider.default\">\n\t\t\t\t<div class=\"elementor-widget-container\">\n\t\t\t\t\t<div class=\"elementor-divider\">\n\t\t\t<span class=\"elementor-divider-separator\">\n\t\t\t\t\t\t<\/span>\n\t\t<\/div>\n\t\t\t\t<\/div>\n\t\t\t\t<\/div>\n\t\t\t\t<div class=\"elementor-element elementor-element-51a22ff elementor-widget elementor-widget-text-editor\" data-id=\"51a22ff\" data-element_type=\"widget\" data-widget_type=\"text-editor.default\">\n\t\t\t\t<div class=\"elementor-widget-container\">\n\t\t\t\t\t\t\t<p>Przychodnia Specjalistyczna i Lekarza Rodzinnego Maymed przy ulicy 700-lecia w Jutrosinie.<\/p>\t\t\t\t\t\t<\/div>\n\t\t\t\t<\/div>\n\t\t\t\t\t<\/div>\n\t\t<\/div>\n\t\t\t\t\t\t\t<\/div>\n\t\t<\/section>\n\t\t\t\t<section class=\"elementor-section elementor-inner-section elementor-element elementor-element-3e4e694 elementor-section-content-middle elementor-reverse-tablet elementor-reverse-mobile elementor-section-boxed elementor-section-height-default elementor-section-height-default\" data-id=\"3e4e694\" data-element_type=\"section\">\n\t\t\t\t\t\t<div class=\"elementor-container elementor-column-gap-no\">\n\t\t\t\t\t<div class=\"elementor-column elementor-col-33 elementor-inner-column elementor-element elementor-element-d4d12d3\" data-id=\"d4d12d3\" data-element_type=\"column\" data-settings=\"{&quot;background_background&quot;:&quot;classic&quot;}\">\n\t\t\t<div class=\"elementor-widget-wrap elementor-element-populated\">\n\t\t\t\t\t\t\t\t<div class=\"elementor-element elementor-element-02990d7 elementor-widget elementor-widget-heading\" data-id=\"02990d7\" data-element_type=\"widget\" data-widget_type=\"heading.default\">\n\t\t\t\t<div class=\"elementor-widget-container\">\n\t\t\t<h3 class=\"elementor-heading-title elementor-size-default\">Przychodnia w Kobylinie<\/h3>\t\t<\/div>\n\t\t\t\t<\/div>\n\t\t\t\t<div class=\"elementor-element elementor-element-d4e30e0 elementor-widget-divider--view-line elementor-widget elementor-widget-divider\" data-id=\"d4e30e0\" data-element_type=\"widget\" data-widget_type=\"divider.default\">\n\t\t\t\t<div class=\"elementor-widget-container\">\n\t\t\t\t\t<div class=\"elementor-divider\">\n\t\t\t<span class=\"elementor-divider-separator\">\n\t\t\t\t\t\t<\/span>\n\t\t<\/div>\n\t\t\t\t<\/div>\n\t\t\t\t<\/div>\n\t\t\t\t<div class=\"elementor-element elementor-element-fdaeba5 elementor-widget elementor-widget-text-editor\" data-id=\"fdaeba5\" data-element_type=\"widget\" data-widget_type=\"text-editor.default\">\n\t\t\t\t<div class=\"elementor-widget-container\">\n\t\t\t\t\t\t\t<p>NZOZ Przychodnia Specjalistyczna i Lekarza Rodzinnego Maymed przy ulicy Grunwaldzkiej.<\/p>\t\t\t\t\t\t<\/div>\n\t\t\t\t<\/div>\n\t\t\t\t\t<\/div>\n\t\t<\/div>\n\t\t\t\t<div class=\"elementor-column elementor-col-66 elementor-inner-column elementor-element elementor-element-22574b9\" data-id=\"22574b9\" data-element_type=\"column\">\n\t\t\t<div class=\"elementor-widget-wrap elementor-element-populated\">\n\t\t\t\t\t\t\t\t<div class=\"elementor-element elementor-element-681194e elementor-widget elementor-widget-image\" data-id=\"681194e\" data-element_type=\"widget\" data-widget_type=\"image.default\">\n\t\t\t\t<div class=\"elementor-widget-container\">\n\t\t\t\t\t\t\t\t\t\t\t\t\t\t\t<img loading=\"lazy\" decoding=\"async\" width=\"1024\" height=\"615\" src=\"https:\/\/maymed.pl\/wp-content\/uploads\/2021\/02\/NZOZ-Przychodnia-Specjalistyczna-1024x615.png\" class=\"attachment-large size-large wp-image-488\" alt=\"NZOZ Przychodnia Specjalistyczna\" srcset=\"https:\/\/maymed.pl\/wp-content\/uploads\/2021\/02\/NZOZ-Przychodnia-Specjalistyczna-1024x615.png 1024w, https:\/\/maymed.pl\/wp-content\/uploads\/2021\/02\/NZOZ-Przychodnia-Specjalistyczna-300x180.png 300w, https:\/\/maymed.pl\/wp-content\/uploads\/2021\/02\/NZOZ-Przychodnia-Specjalistyczna-768x462.png 768w, https:\/\/maymed.pl\/wp-content\/uploads\/2021\/02\/NZOZ-Przychodnia-Specjalistyczna.png 1341w\" sizes=\"auto, (max-width: 1024px) 100vw, 1024px\" title=\"\">\t\t\t\t\t\t\t\t\t\t\t\t\t\t\t<\/div>\n\t\t\t\t<\/div>\n\t\t\t\t\t<\/div>\n\t\t<\/div>\n\t\t\t\t\t\t\t<\/div>\n\t\t<\/section>\n\t\t\t\t\t<\/div>\n\t\t<\/div>\n\t\t\t\t\t\t\t<\/div>\n\t\t<\/section>\n\t\t\t\t<section class=\"elementor-section elementor-top-section elementor-element elementor-element-4fd1d88 elementor-section-boxed elementor-section-height-default elementor-section-height-default\" data-id=\"4fd1d88\" data-element_type=\"section\" data-settings=\"{&quot;background_background&quot;:&quot;classic&quot;}\">\n\t\t\t\t\t\t<div class=\"elementor-container elementor-column-gap-no\">\n\t\t\t\t\t<div class=\"elementor-column elementor-col-100 elementor-top-column elementor-element elementor-element-a7c81b0\" data-id=\"a7c81b0\" data-element_type=\"column\">\n\t\t\t<div class=\"elementor-widget-wrap elementor-element-populated\">\n\t\t\t\t\t\t\t\t<div class=\"elementor-element elementor-element-b342d79 elementor-widget elementor-widget-heading\" data-id=\"b342d79\" data-element_type=\"widget\" data-widget_type=\"heading.default\">\n\t\t\t\t<div class=\"elementor-widget-container\">\n\t\t\t<h2 class=\"elementor-heading-title elementor-size-default\">Dlaczego w\u0142a\u015bnie my<\/h2>\t\t<\/div>\n\t\t\t\t<\/div>\n\t\t\t\t<div class=\"elementor-element elementor-element-9e85349 elementor-widget-divider--view-line elementor-widget elementor-widget-divider\" data-id=\"9e85349\" data-element_type=\"widget\" data-widget_type=\"divider.default\">\n\t\t\t\t<div class=\"elementor-widget-container\">\n\t\t\t\t\t<div class=\"elementor-divider\">\n\t\t\t<span class=\"elementor-divider-separator\">\n\t\t\t\t\t\t<\/span>\n\t\t<\/div>\n\t\t\t\t<\/div>\n\t\t\t\t<\/div>\n\t\t\t\t<div class=\"elementor-element elementor-element-0360184 elementor-widget elementor-widget-text-editor\" data-id=\"0360184\" data-element_type=\"widget\" data-widget_type=\"text-editor.default\">\n\t\t\t\t<div class=\"elementor-widget-container\">\n\t\t\t\t\t\t\t<p>O MayMed<\/p>\t\t\t\t\t\t<\/div>\n\t\t\t\t<\/div>\n\t\t\t\t<section class=\"elementor-section elementor-inner-section elementor-element elementor-element-d6c519d elementor-section-boxed elementor-section-height-default elementor-section-height-default\" data-id=\"d6c519d\" data-element_type=\"section\">\n\t\t\t\t\t\t<div class=\"elementor-container elementor-column-gap-no\">\n\t\t\t\t\t<div class=\"elementor-column elementor-col-33 elementor-inner-column elementor-element elementor-element-f496217\" data-id=\"f496217\" data-element_type=\"column\">\n\t\t\t<div class=\"elementor-widget-wrap elementor-element-populated\">\n\t\t\t\t\t\t\t\t<div class=\"elementor-element elementor-element-a4f589a elementor-view-stacked elementor-widget-mobile__width-inherit elementor-shape-circle elementor-mobile-position-top elementor-vertical-align-top elementor-widget elementor-widget-icon-box\" data-id=\"a4f589a\" data-element_type=\"widget\" data-widget_type=\"icon-box.default\">\n\t\t\t\t<div class=\"elementor-widget-container\">\n\t\t\t\t\t<div class=\"elementor-icon-box-wrapper\">\n\t\t\t\t\t\t<div class=\"elementor-icon-box-icon\">\n\t\t\t\t<span class=\"elementor-icon elementor-animation-\" >\n\t\t\t\t<i aria-hidden=\"true\" class=\"fas fa-microscope\"><\/i>\t\t\t\t<\/span>\n\t\t\t<\/div>\n\t\t\t\t\t\t<div class=\"elementor-icon-box-content\">\n\t\t\t\t<h3 class=\"elementor-icon-box-title\">\n\t\t\t\t\t<span  >\n\t\t\t\t\t\tSpecjalistyczny sprz\u0119t\t\t\t\t\t<\/span>\n\t\t\t\t<\/h3>\n\t\t\t\t\t\t\t<\/div>\n\t\t<\/div>\n\t\t\t\t<\/div>\n\t\t\t\t<\/div>\n\t\t\t\t\t<\/div>\n\t\t<\/div>\n\t\t\t\t<div class=\"elementor-column elementor-col-33 elementor-inner-column elementor-element elementor-element-07c9115\" data-id=\"07c9115\" data-element_type=\"column\">\n\t\t\t<div class=\"elementor-widget-wrap elementor-element-populated\">\n\t\t\t\t\t\t\t\t<div class=\"elementor-element elementor-element-042e673 elementor-view-stacked elementor-widget-mobile__width-inherit elementor-shape-circle elementor-mobile-position-top elementor-vertical-align-top elementor-widget elementor-widget-icon-box\" data-id=\"042e673\" data-element_type=\"widget\" data-widget_type=\"icon-box.default\">\n\t\t\t\t<div class=\"elementor-widget-container\">\n\t\t\t\t\t<div class=\"elementor-icon-box-wrapper\">\n\t\t\t\t\t\t<div class=\"elementor-icon-box-icon\">\n\t\t\t\t<span class=\"elementor-icon elementor-animation-\" >\n\t\t\t\t<i aria-hidden=\"true\" class=\"fas fa-clinic-medical\"><\/i>\t\t\t\t<\/span>\n\t\t\t<\/div>\n\t\t\t\t\t\t<div class=\"elementor-icon-box-content\">\n\t\t\t\t<h3 class=\"elementor-icon-box-title\">\n\t\t\t\t\t<span  >\n\t\t\t\t\t\tBlisko ciebie\t\t\t\t\t<\/span>\n\t\t\t\t<\/h3>\n\t\t\t\t\t\t\t<\/div>\n\t\t<\/div>\n\t\t\t\t<\/div>\n\t\t\t\t<\/div>\n\t\t\t\t\t<\/div>\n\t\t<\/div>\n\t\t\t\t<div class=\"elementor-column elementor-col-33 elementor-inner-column elementor-element elementor-element-89c9515\" data-id=\"89c9515\" data-element_type=\"column\">\n\t\t\t<div class=\"elementor-widget-wrap elementor-element-populated\">\n\t\t\t\t\t\t\t\t<div class=\"elementor-element elementor-element-d2a5b68 elementor-view-stacked elementor-widget-mobile__width-inherit elementor-shape-circle elementor-mobile-position-top elementor-vertical-align-top elementor-widget elementor-widget-icon-box\" data-id=\"d2a5b68\" data-element_type=\"widget\" data-widget_type=\"icon-box.default\">\n\t\t\t\t<div class=\"elementor-widget-container\">\n\t\t\t\t\t<div class=\"elementor-icon-box-wrapper\">\n\t\t\t\t\t\t<div class=\"elementor-icon-box-icon\">\n\t\t\t\t<span class=\"elementor-icon elementor-animation-\" >\n\t\t\t\t<i aria-hidden=\"true\" class=\"fas fa-user-nurse\"><\/i>\t\t\t\t<\/span>\n\t\t\t<\/div>\n\t\t\t\t\t\t<div class=\"elementor-icon-box-content\">\n\t\t\t\t<h3 class=\"elementor-icon-box-title\">\n\t\t\t\t\t<span  >\n\t\t\t\t\t\tWykwalifikowany personel\t\t\t\t\t<\/span>\n\t\t\t\t<\/h3>\n\t\t\t\t\t\t\t<\/div>\n\t\t<\/div>\n\t\t\t\t<\/div>\n\t\t\t\t<\/div>\n\t\t\t\t\t<\/div>\n\t\t<\/div>\n\t\t\t\t\t\t\t<\/div>\n\t\t<\/section>\n\t\t\t\t\t<\/div>\n\t\t<\/div>\n\t\t\t\t\t\t\t<\/div>\n\t\t<\/section>\n\t\t\t\t\t\t\t<\/div>\n\t\t","protected":false},"excerpt":{"rendered":"<p>O MayMed Przychodnia Specjalistyczna i Lekarza Rodzinnego MayMed Jeste\u015bmy wielospecjalistyczn\u0105 przychodni\u0105 lekarsk\u0105 dzia\u0142aj\u0105c\u0105 na rynku us\u0142ug medycznych, nieustannie ciesz\u0105c\u0105 si\u0119 uznaniem i zaufaniem szerokiego grona pacjent\u00f3w. Wsp\u00f3\u0142pracujemy z NFZ i nieodp\u0142atnie \u015bwiadczymy us\u0142ugi w ramach Podstawowej Opieki Zdrowotnej. Nasz zesp\u00f3\u0142 jest do Pa\u0144stwa dyspozycji codziennie od poniedzia\u0142ku do pi\u0105tku. Nasze obiekty Przychodnia w Jutrosinie Przychodnia &hellip;<\/p>\n<p class=\"read-more\"> <a class=\"\" href=\"https:\/\/maymed.pl\/index.php\/o-maymed-przychodnia-specjalistyczna\/\"> <span class=\"screen-reader-text\">O MayMed<\/span> Read More &raquo;<\/a><\/p>\n","protected":false},"author":1,"featured_media":0,"parent":0,"menu_order":0,"comment_status":"closed","ping_status":"closed","template":"","meta":{"site-sidebar-layout":"no-sidebar","site-content-layout":"page-builder","ast-global-header-display":"","ast-main-header-display":"","ast-hfb-above-header-display":"","ast-hfb-below-header-display":"","ast-hfb-mobile-header-display":"","site-post-title":"disabled","ast-breadcrumbs-content":"","ast-featured-img":"disabled","footer-sml-layout":"","theme-transparent-header-meta":"enabled","adv-header-id-meta":"","stick-header-meta":"","header-above-stick-meta":"","header-main-stick-meta":"","header-below-stick-meta":"","footnotes":""},"class_list":["post-134","page","type-page","status-publish","hentry"],"_links":{"self":[{"href":"https:\/\/maymed.pl\/index.php\/wp-json\/wp\/v2\/pages\/134","targetHints":{"allow":["GET"]}}],"collection":[{"href":"https:\/\/maymed.pl\/index.php\/wp-json\/wp\/v2\/pages"}],"about":[{"href":"https:\/\/maymed.pl\/index.php\/wp-json\/wp\/v2\/types\/page"}],"author":[{"embeddable":true,"href":"https:\/\/maymed.pl\/index.php\/wp-json\/wp\/v2\/users\/1"}],"replies":[{"embeddable":true,"href":"https:\/\/maymed.pl\/index.php\/wp-json\/wp\/v2\/comments?post=134"}],"version-history":[{"count":67,"href":"https:\/\/maymed.pl\/index.php\/wp-json\/wp\/v2\/pages\/134\/revisions"}],"predecessor-version":[{"id":615,"href":"https:\/\/maymed.pl\/index.php\/wp-json\/wp\/v2\/pages\/134\/revisions\/615"}],"wp:attachment":[{"href":"https:\/\/maymed.pl\/index.php\/wp-json\/wp\/v2\/media?parent=134"}],"curies":[{"name":"wp","href":"https:\/\/api.w.org\/{rel}","templated":true}]}}